{"id":5023,"date":"2026-03-11T18:58:00","date_gmt":"2026-03-11T18:58:00","guid":{"rendered":"https:\/\/habitattenerife.es\/?page_id=5023"},"modified":"2026-03-11T20:02:07","modified_gmt":"2026-03-11T20:02:07","slug":"aviso-legal","status":"publish","type":"page","link":"https:\/\/habitattenerife.es\/en\/aviso-legal\/","title":{"rendered":"Aviso legal"},"content":{"rendered":"<div data-elementor-type=\"wp-page\" data-elementor-id=\"5023\" class=\"elementor elementor-5023\">\n\t\t\t\t<div class=\"elementor-element elementor-element-6246c5f e-con-full e-flex e-con e-parent\" data-id=\"6246c5f\" data-element_type=\"container\" data-e-type=\"container\" data-settings=\"{&quot;background_background&quot;:&quot;classic&quot;}\">\n\t\t\t\t<div class=\"elementor-element elementor-element-6098c07 elementor-widget elementor-widget-heading\" data-id=\"6098c07\" data-element_type=\"widget\" data-e-type=\"widget\" data-widget_type=\"heading.default\">\n\t\t\t\t\t<h1 class=\"elementor-heading-title elementor-size-default\">Aviso Legal<\/h1>\t\t\t\t<\/div>\n\t\t\t\t<div class=\"elementor-element elementor-element-2097433 elementor-widget elementor-widget-image\" data-id=\"2097433\" data-element_type=\"widget\" data-e-type=\"widget\" data-widget_type=\"image.default\">\n\t\t\t\t\t\t\t\t\t\t\t\t\t\t\t<img fetchpriority=\"high\" decoding=\"async\" width=\"2000\" height=\"1333\" src=\"https:\/\/habitattenerife.es\/wp-content\/uploads\/2026\/01\/Legales.webp\" class=\"attachment-full size-full wp-image-2202\" alt=\"\" srcset=\"https:\/\/habitattenerife.es\/wp-content\/uploads\/2026\/01\/Legales.webp 2000w, https:\/\/habitattenerife.es\/wp-content\/uploads\/2026\/01\/Legales-300x200.webp 300w, https:\/\/habitattenerife.es\/wp-content\/uploads\/2026\/01\/Legales-1024x682.webp 1024w, https:\/\/habitattenerife.es\/wp-content\/uploads\/2026\/01\/Legales-768x512.webp 768w, https:\/\/habitattenerife.es\/wp-content\/uploads\/2026\/01\/Legales-1536x1024.webp 1536w\" sizes=\"(max-width: 2000px) 100vw, 2000px\" \/>\t\t\t\t\t\t\t\t\t\t\t\t\t\t\t<\/div>\n\t\t\t\t<div class=\"elementor-element elementor-element-143db08 elementor-widget elementor-widget-heading\" data-id=\"143db08\" data-element_type=\"widget\" data-e-type=\"widget\" data-widget_type=\"heading.default\">\n\t\t\t\t\t<h2 class=\"elementor-heading-title elementor-size-default\">1. Informaci\u00f3n Identificativa (LSSI-CE)<\/h2>\t\t\t\t<\/div>\n\t\t\t\t<div class=\"elementor-element elementor-element-03b31b6 elementor-widget__width-initial elementor-widget elementor-widget-text-editor\" data-id=\"03b31b6\" data-element_type=\"widget\" data-e-type=\"widget\" data-widget_type=\"text-editor.default\">\n\t\t\t\t\t\t\t\t\t<p>En cumplimiento del art\u00edculo 10 de la Ley 34\/2002, de 11 de julio, de servicios de la sociedad de la informaci\u00f3n y de comercio electr\u00f3nico, se exponen los siguientes datos identificativos:<\/p><p><strong>Titular:<\/strong> Mar\u00eda Luisa Gast\u00f3n Morales<\/p><p><strong>NIF:<\/strong> 78704158K<\/p><p><strong>Domicilio Profesional:<\/strong> Calle Balboa,1. Port. B. Aldea Tamarindos. Vivienda 21. Radazul Alto. El Rosario 38109. Santa Cruz de Tenerife.<\/p><p><strong>Email de contacto:<\/strong> habitattenerife2015@gmail.com<\/p><p><strong>Tel\u00e9fono:<\/strong> +34 691 238 604<\/p>\t\t\t\t\t\t\t\t<\/div>\n\t\t\t\t<div class=\"elementor-element elementor-element-0376136 elementor-widget elementor-widget-heading\" data-id=\"0376136\" data-element_type=\"widget\" data-e-type=\"widget\" data-widget_type=\"heading.default\">\n\t\t\t\t\t<h2 class=\"elementor-heading-title elementor-size-default\">2. Objeto y Servicios<\/h2>\t\t\t\t<\/div>\n\t\t\t\t<div class=\"elementor-element elementor-element-1ae9fcf elementor-widget__width-initial elementor-widget-tablet__width-inherit elementor-widget elementor-widget-text-editor\" data-id=\"1ae9fcf\" data-element_type=\"widget\" data-e-type=\"widget\" data-widget_type=\"text-editor.default\">\n\t\t\t\t\t\t\t\t\t<p>La presente p\u00e1gina web tiene por objeto informar sobre los servicios profesionales de administraci\u00f3n de propiedades en alquiler, gesti\u00f3n integral de incidencias, redacci\u00f3n y supervisi\u00f3n de contratos, y coordinaci\u00f3n de mantenimiento.<\/p><p>La relaci\u00f3n con los clientes se rige por las condiciones particulares del contrato de servicios firmado de forma independiente a esta web. No se realiza contrataci\u00f3n electr\u00f3nica ni se muestran precios finales a trav\u00e9s de este portal, siendo este de car\u00e1cter estrictamente informativo.<\/p>\t\t\t\t\t\t\t\t<\/div>\n\t\t\t\t<div class=\"elementor-element elementor-element-3f268ef elementor-widget elementor-widget-heading\" data-id=\"3f268ef\" data-element_type=\"widget\" data-e-type=\"widget\" data-widget_type=\"heading.default\">\n\t\t\t\t\t<h2 class=\"elementor-heading-title elementor-size-default\">3. Propiedad Intelectual y Responsabilidad<\/h2>\t\t\t\t<\/div>\n\t\t\t\t<div class=\"elementor-element elementor-element-900575e elementor-widget__width-initial elementor-widget-tablet__width-inherit elementor-widget elementor-widget-text-editor\" data-id=\"900575e\" data-element_type=\"widget\" data-e-type=\"widget\" data-widget_type=\"text-editor.default\">\n\t\t\t\t\t\t\t\t\t<p>Todos los contenidos (textos, logos, dise\u00f1o gr\u00e1fico) son propiedad de la titular o cuenta con los permisos necesarios para su uso. Se proh\u00edbe la reproducci\u00f3n total o parcial sin autorizaci\u00f3n expresa.<\/p><p>La titular no se hace responsable de los da\u00f1os derivados de interferencias, omisiones, virus inform\u00e1ticos o desconexiones en el funcionamiento operativo de este sistema electr\u00f3nico, motivados por causas ajenas.<\/p>\t\t\t\t\t\t\t\t<\/div>\n\t\t\t\t<\/div>\n\t\t\t\t<\/div>","protected":false},"excerpt":{"rendered":"<p>Aviso Legal 1. Informaci\u00f3n Identificativa (LSSI-CE) En cumplimiento del art\u00edculo 10 de la Ley 34\/2002, de 11 de julio, de servicios de la sociedad de la informaci\u00f3n y de comercio electr\u00f3nico, se exponen los siguientes datos identificativos: Titular: Mar\u00eda Luisa Gast\u00f3n Morales NIF: 78704158K Domicilio Profesional: Calle Balboa,1. Port. B. Aldea Tamarindos. Vivienda 21. Radazul [&hellip;]<\/p>\n","protected":false},"author":1,"featured_media":0,"parent":0,"menu_order":5,"comment_status":"closed","ping_status":"closed","template":"","meta":{"footnotes":""},"class_list":["post-5023","page","type-page","status-publish","hentry"],"yoast_head":"<!-- This site is optimized with the Yoast SEO plugin v27.1.1 - https:\/\/yoast.com\/product\/yoast-seo-wordpress\/ -->\n<title>Aviso legal - Habitat Tenerife - Luisa Gast\u00f3n<\/title>\n<meta name=\"robots\" content=\"index, follow, max-snippet:-1, max-image-preview:large, max-video-preview:-1\" \/>\n<link rel=\"canonical\" href=\"https:\/\/habitattenerife.es\/en\/aviso-legal\/\" \/>\n<meta property=\"og:locale\" content=\"en_GB\" \/>\n<meta property=\"og:type\" content=\"article\" \/>\n<meta property=\"og:title\" content=\"Aviso legal - Habitat Tenerife - Luisa Gast\u00f3n\" \/>\n<meta property=\"og:description\" content=\"Aviso Legal 1. Informaci\u00f3n Identificativa (LSSI-CE) En cumplimiento del art\u00edculo 10 de la Ley 34\/2002, de 11 de julio, de servicios de la sociedad de la informaci\u00f3n y de comercio electr\u00f3nico, se exponen los siguientes datos identificativos: Titular: Mar\u00eda Luisa Gast\u00f3n Morales NIF: 78704158K Domicilio Profesional: Calle Balboa,1. Port. B. Aldea Tamarindos. Vivienda 21. Radazul [&hellip;]\" \/>\n<meta property=\"og:url\" content=\"https:\/\/habitattenerife.es\/en\/aviso-legal\/\" \/>\n<meta property=\"og:site_name\" content=\"Habitat Tenerife - Luisa Gast\u00f3n\" \/>\n<meta property=\"article:modified_time\" content=\"2026-03-11T20:02:07+00:00\" \/>\n<meta property=\"og:image\" content=\"https:\/\/habitattenerife.es\/wp-content\/uploads\/2026\/01\/Legales.webp\" \/>\n\t<meta property=\"og:image:width\" content=\"2000\" \/>\n\t<meta property=\"og:image:height\" content=\"1333\" \/>\n\t<meta property=\"og:image:type\" content=\"image\/webp\" \/>\n<meta name=\"twitter:card\" content=\"summary_large_image\" \/>\n<meta name=\"twitter:label1\" content=\"Estimated reading time\" \/>\n\t<meta name=\"twitter:data1\" content=\"1 minute\" \/>\n<script type=\"application\/ld+json\" class=\"yoast-schema-graph\">{\"@context\":\"https:\/\/schema.org\",\"@graph\":[{\"@type\":\"WebPage\",\"@id\":\"https:\/\/habitattenerife.es\/aviso-legal\/\",\"url\":\"https:\/\/habitattenerife.es\/aviso-legal\/\",\"name\":\"Aviso legal - Habitat Tenerife - Luisa Gast\u00f3n\",\"isPartOf\":{\"@id\":\"https:\/\/habitattenerife.es\/#website\"},\"primaryImageOfPage\":{\"@id\":\"https:\/\/habitattenerife.es\/aviso-legal\/#primaryimage\"},\"image\":{\"@id\":\"https:\/\/habitattenerife.es\/aviso-legal\/#primaryimage\"},\"thumbnailUrl\":\"https:\/\/habitattenerife.es\/wp-content\/uploads\/2026\/01\/Legales.webp\",\"datePublished\":\"2026-03-11T18:58:00+00:00\",\"dateModified\":\"2026-03-11T20:02:07+00:00\",\"breadcrumb\":{\"@id\":\"https:\/\/habitattenerife.es\/aviso-legal\/#breadcrumb\"},\"inLanguage\":\"en-GB\",\"potentialAction\":[{\"@type\":\"ReadAction\",\"target\":[\"https:\/\/habitattenerife.es\/aviso-legal\/\"]}]},{\"@type\":\"ImageObject\",\"inLanguage\":\"en-GB\",\"@id\":\"https:\/\/habitattenerife.es\/aviso-legal\/#primaryimage\",\"url\":\"https:\/\/habitattenerife.es\/wp-content\/uploads\/2026\/01\/Legales.webp\",\"contentUrl\":\"https:\/\/habitattenerife.es\/wp-content\/uploads\/2026\/01\/Legales.webp\"},{\"@type\":\"BreadcrumbList\",\"@id\":\"https:\/\/habitattenerife.es\/aviso-legal\/#breadcrumb\",\"itemListElement\":[{\"@type\":\"ListItem\",\"position\":1,\"name\":\"Portada\",\"item\":\"https:\/\/habitattenerife.es\/\"},{\"@type\":\"ListItem\",\"position\":2,\"name\":\"Aviso legal\"}]},{\"@type\":\"WebSite\",\"@id\":\"https:\/\/habitattenerife.es\/#website\",\"url\":\"https:\/\/habitattenerife.es\/\",\"name\":\"Habitat Tenerife - Luisa Gast\u00f3n\",\"description\":\"Gesti\u00f3n Inmobiliaria en Tenerife\",\"publisher\":{\"@id\":\"https:\/\/habitattenerife.es\/#\/schema\/person\/58c8c961e8e7460160c42fbace91bc67\"},\"potentialAction\":[{\"@type\":\"SearchAction\",\"target\":{\"@type\":\"EntryPoint\",\"urlTemplate\":\"https:\/\/habitattenerife.es\/?s={search_term_string}\"},\"query-input\":{\"@type\":\"PropertyValueSpecification\",\"valueRequired\":true,\"valueName\":\"search_term_string\"}}],\"inLanguage\":\"en-GB\"},{\"@type\":[\"Person\",\"Organization\"],\"@id\":\"https:\/\/habitattenerife.es\/#\/schema\/person\/58c8c961e8e7460160c42fbace91bc67\",\"name\":\"adelinaledesmaperez@gmail.com\",\"image\":{\"@type\":\"ImageObject\",\"inLanguage\":\"en-GB\",\"@id\":\"https:\/\/habitattenerife.es\/#\/schema\/person\/image\/\",\"url\":\"https:\/\/habitattenerife.es\/wp-content\/uploads\/2025\/12\/cropped-8.png\",\"contentUrl\":\"https:\/\/habitattenerife.es\/wp-content\/uploads\/2025\/12\/cropped-8.png\",\"width\":580,\"height\":600,\"caption\":\"adelinaledesmaperez@gmail.com\"},\"logo\":{\"@id\":\"https:\/\/habitattenerife.es\/#\/schema\/person\/image\/\"},\"sameAs\":[\"https:\/\/habitattenerife.es\"]}]}<\/script>\n<!-- \/ Yoast SEO plugin. -->","yoast_head_json":{"title":"Aviso legal - Habitat Tenerife - Luisa Gast\u00f3n","robots":{"index":"index","follow":"follow","max-snippet":"max-snippet:-1","max-image-preview":"max-image-preview:large","max-video-preview":"max-video-preview:-1"},"canonical":"https:\/\/habitattenerife.es\/en\/aviso-legal\/","og_locale":"en_GB","og_type":"article","og_title":"Aviso legal - Habitat Tenerife - Luisa Gast\u00f3n","og_description":"Aviso Legal 1. Informaci\u00f3n Identificativa (LSSI-CE) En cumplimiento del art\u00edculo 10 de la Ley 34\/2002, de 11 de julio, de servicios de la sociedad de la informaci\u00f3n y de comercio electr\u00f3nico, se exponen los siguientes datos identificativos: Titular: Mar\u00eda Luisa Gast\u00f3n Morales NIF: 78704158K Domicilio Profesional: Calle Balboa,1. Port. B. Aldea Tamarindos. Vivienda 21. Radazul [&hellip;]","og_url":"https:\/\/habitattenerife.es\/en\/aviso-legal\/","og_site_name":"Habitat Tenerife - Luisa Gast\u00f3n","article_modified_time":"2026-03-11T20:02:07+00:00","og_image":[{"width":2000,"height":1333,"url":"https:\/\/habitattenerife.es\/wp-content\/uploads\/2026\/01\/Legales.webp","type":"image\/webp"}],"twitter_card":"summary_large_image","twitter_misc":{"Estimated reading time":"1 minute"},"schema":{"@context":"https:\/\/schema.org","@graph":[{"@type":"WebPage","@id":"https:\/\/habitattenerife.es\/aviso-legal\/","url":"https:\/\/habitattenerife.es\/aviso-legal\/","name":"Aviso legal - Habitat Tenerife - Luisa Gast\u00f3n","isPartOf":{"@id":"https:\/\/habitattenerife.es\/#website"},"primaryImageOfPage":{"@id":"https:\/\/habitattenerife.es\/aviso-legal\/#primaryimage"},"image":{"@id":"https:\/\/habitattenerife.es\/aviso-legal\/#primaryimage"},"thumbnailUrl":"https:\/\/habitattenerife.es\/wp-content\/uploads\/2026\/01\/Legales.webp","datePublished":"2026-03-11T18:58:00+00:00","dateModified":"2026-03-11T20:02:07+00:00","breadcrumb":{"@id":"https:\/\/habitattenerife.es\/aviso-legal\/#breadcrumb"},"inLanguage":"en-GB","potentialAction":[{"@type":"ReadAction","target":["https:\/\/habitattenerife.es\/aviso-legal\/"]}]},{"@type":"ImageObject","inLanguage":"en-GB","@id":"https:\/\/habitattenerife.es\/aviso-legal\/#primaryimage","url":"https:\/\/habitattenerife.es\/wp-content\/uploads\/2026\/01\/Legales.webp","contentUrl":"https:\/\/habitattenerife.es\/wp-content\/uploads\/2026\/01\/Legales.webp"},{"@type":"BreadcrumbList","@id":"https:\/\/habitattenerife.es\/aviso-legal\/#breadcrumb","itemListElement":[{"@type":"ListItem","position":1,"name":"Portada","item":"https:\/\/habitattenerife.es\/"},{"@type":"ListItem","position":2,"name":"Aviso legal"}]},{"@type":"WebSite","@id":"https:\/\/habitattenerife.es\/#website","url":"https:\/\/habitattenerife.es\/","name":"Habitat Tenerife - Luisa Gast\u00f3n","description":"Gesti\u00f3n Inmobiliaria en Tenerife","publisher":{"@id":"https:\/\/habitattenerife.es\/#\/schema\/person\/58c8c961e8e7460160c42fbace91bc67"},"potentialAction":[{"@type":"SearchAction","target":{"@type":"EntryPoint","urlTemplate":"https:\/\/habitattenerife.es\/?s={search_term_string}"},"query-input":{"@type":"PropertyValueSpecification","valueRequired":true,"valueName":"search_term_string"}}],"inLanguage":"en-GB"},{"@type":["Person","Organization"],"@id":"https:\/\/habitattenerife.es\/#\/schema\/person\/58c8c961e8e7460160c42fbace91bc67","name":"adelinaledesmaperez@gmail.com","image":{"@type":"ImageObject","inLanguage":"en-GB","@id":"https:\/\/habitattenerife.es\/#\/schema\/person\/image\/","url":"https:\/\/habitattenerife.es\/wp-content\/uploads\/2025\/12\/cropped-8.png","contentUrl":"https:\/\/habitattenerife.es\/wp-content\/uploads\/2025\/12\/cropped-8.png","width":580,"height":600,"caption":"adelinaledesmaperez@gmail.com"},"logo":{"@id":"https:\/\/habitattenerife.es\/#\/schema\/person\/image\/"},"sameAs":["https:\/\/habitattenerife.es"]}]}},"_links":{"self":[{"href":"https:\/\/habitattenerife.es\/en\/wp-json\/wp\/v2\/pages\/5023","targetHints":{"allow":["GET"]}}],"collection":[{"href":"https:\/\/habitattenerife.es\/en\/wp-json\/wp\/v2\/pages"}],"about":[{"href":"https:\/\/habitattenerife.es\/en\/wp-json\/wp\/v2\/types\/page"}],"author":[{"embeddable":true,"href":"https:\/\/habitattenerife.es\/en\/wp-json\/wp\/v2\/users\/1"}],"replies":[{"embeddable":true,"href":"https:\/\/habitattenerife.es\/en\/wp-json\/wp\/v2\/comments?post=5023"}],"version-history":[{"count":35,"href":"https:\/\/habitattenerife.es\/en\/wp-json\/wp\/v2\/pages\/5023\/revisions"}],"predecessor-version":[{"id":5086,"href":"https:\/\/habitattenerife.es\/en\/wp-json\/wp\/v2\/pages\/5023\/revisions\/5086"}],"wp:attachment":[{"href":"https:\/\/habitattenerife.es\/en\/wp-json\/wp\/v2\/media?parent=5023"}],"curies":[{"name":"wp","href":"https:\/\/api.w.org\/{rel}","templated":true}]}}