{"id":5025,"date":"2026-03-11T18:59:16","date_gmt":"2026-03-11T18:59:16","guid":{"rendered":"https:\/\/habitattenerife.es\/?page_id=5025"},"modified":"2026-03-11T20:17:04","modified_gmt":"2026-03-11T20:17:04","slug":"politica-de-cookies","status":"publish","type":"page","link":"https:\/\/habitattenerife.es\/en\/politica-de-cookies\/","title":{"rendered":"Pol\u00edtica de privacidad"},"content":{"rendered":"<div data-elementor-type=\"wp-page\" data-elementor-id=\"5025\" class=\"elementor elementor-5025\">\n\t\t\t\t<div class=\"elementor-element elementor-element-61b766ff e-con-full e-flex e-con e-parent\" data-id=\"61b766ff\" data-element_type=\"container\" data-e-type=\"container\" data-settings=\"{&quot;background_background&quot;:&quot;classic&quot;}\">\n\t\t\t\t<div class=\"elementor-element elementor-element-4313e739 elementor-widget elementor-widget-heading\" data-id=\"4313e739\" data-element_type=\"widget\" data-e-type=\"widget\" data-widget_type=\"heading.default\">\n\t\t\t\t\t<h1 class=\"elementor-heading-title elementor-size-default\">Pol\u00edtica de Privacidad<\/h1>\t\t\t\t<\/div>\n\t\t\t\t<div class=\"elementor-element elementor-element-12560b50 elementor-widget elementor-widget-image\" data-id=\"12560b50\" data-element_type=\"widget\" data-e-type=\"widget\" data-widget_type=\"image.default\">\n\t\t\t\t\t\t\t\t\t\t\t\t\t\t\t<img fetchpriority=\"high\" decoding=\"async\" width=\"1500\" height=\"1025\" src=\"https:\/\/habitattenerife.es\/wp-content\/uploads\/2026\/03\/Privacidad.webp\" class=\"attachment-full size-full wp-image-5082\" alt=\"\" srcset=\"https:\/\/habitattenerife.es\/wp-content\/uploads\/2026\/03\/Privacidad.webp 1500w, https:\/\/habitattenerife.es\/wp-content\/uploads\/2026\/03\/Privacidad-300x205.webp 300w, https:\/\/habitattenerife.es\/wp-content\/uploads\/2026\/03\/Privacidad-1024x700.webp 1024w, https:\/\/habitattenerife.es\/wp-content\/uploads\/2026\/03\/Privacidad-768x525.webp 768w, https:\/\/habitattenerife.es\/wp-content\/uploads\/2026\/03\/Privacidad-18x12.webp 18w\" sizes=\"(max-width: 1500px) 100vw, 1500px\" \/>\t\t\t\t\t\t\t\t\t\t\t\t\t\t\t<\/div>\n\t\t\t\t<div class=\"elementor-element elementor-element-634c60a2 elementor-widget elementor-widget-heading\" data-id=\"634c60a2\" data-element_type=\"widget\" data-e-type=\"widget\" data-widget_type=\"heading.default\">\n\t\t\t\t\t<h2 class=\"elementor-heading-title elementor-size-default\">1. Responsable del Tratamiento<\/h2>\t\t\t\t<\/div>\n\t\t\t\t<div class=\"elementor-element elementor-element-458e2f53 elementor-widget__width-initial elementor-widget elementor-widget-text-editor\" data-id=\"458e2f53\" data-element_type=\"widget\" data-e-type=\"widget\" data-widget_type=\"text-editor.default\">\n\t\t\t\t\t\t\t\t\t<ul><li><p data-path-to-node=\"5,0,0\"><b data-path-to-node=\"5,0,0\" data-index-in-node=\"0\">Identidad:<\/b> Mar\u00eda Luisa Gast\u00f3n Morales<\/p><\/li><li><p data-path-to-node=\"5,1,0\"><b data-path-to-node=\"5,1,0\" data-index-in-node=\"0\">NIF:<\/b> 78704158K<\/p><\/li><li><p data-path-to-node=\"5,2,0\"><b data-path-to-node=\"5,2,0\" data-index-in-node=\"0\">Direcci\u00f3n:<\/b> Calle Balboa,1. Port. B. Aldea Tamarindos. Vivienda 21. Radazul Alto. El Rosario 38109. Santa Cruz de Tenerife.<\/p><\/li><li><p data-path-to-node=\"5,3,0\"><b data-path-to-node=\"5,3,0\" data-index-in-node=\"0\">Email:<\/b> habitattenerife2015@gmail.com<\/p><\/li><\/ul>\t\t\t\t\t\t\t\t<\/div>\n\t\t\t\t<div class=\"elementor-element elementor-element-681865cc elementor-widget elementor-widget-heading\" data-id=\"681865cc\" data-element_type=\"widget\" data-e-type=\"widget\" data-widget_type=\"heading.default\">\n\t\t\t\t\t<h2 class=\"elementor-heading-title elementor-size-default\">2. Finalidad y Legitimaci\u00f3n<\/h2>\t\t\t\t<\/div>\n\t\t\t\t<div class=\"elementor-element elementor-element-7cd60cfe elementor-widget__width-initial elementor-widget-tablet__width-inherit elementor-widget elementor-widget-text-editor\" data-id=\"7cd60cfe\" data-element_type=\"widget\" data-e-type=\"widget\" data-widget_type=\"text-editor.default\">\n\t\t\t\t\t\t\t\t\t<p>En esta web no existen formularios de registro ni suscripciones. Los datos personales (tel\u00e9fono, email, nombre) solo se recogen cuando el usuario decide contactar voluntariamente a trav\u00e9s de los enlaces de WhatsApp, tel\u00e9fono o correo electr\u00f3nico.<\/p><p><strong>Finalidad<\/strong>: Atender consultas, enviar presupuestos de administraci\u00f3n de alquileres y gestionar la relaci\u00f3n profesional solicitada.<\/p><p><strong>Legitimaci\u00f3n:<\/strong> El consentimiento expl\u00edcito del usuario al realizar la acci\u00f3n de contacto (Art. 6.1.a RGPD).<\/p>\t\t\t\t\t\t\t\t<\/div>\n\t\t\t\t<div class=\"elementor-element elementor-element-dd9c84a elementor-widget elementor-widget-heading\" data-id=\"dd9c84a\" data-element_type=\"widget\" data-e-type=\"widget\" data-widget_type=\"heading.default\">\n\t\t\t\t\t<h2 class=\"elementor-heading-title elementor-size-default\">3. Conservaci\u00f3n y Destinatarios<\/h2>\t\t\t\t<\/div>\n\t\t\t\t<div class=\"elementor-element elementor-element-a8ae2e6 elementor-widget__width-initial elementor-widget-tablet__width-inherit elementor-widget elementor-widget-text-editor\" data-id=\"a8ae2e6\" data-element_type=\"widget\" data-e-type=\"widget\" data-widget_type=\"text-editor.default\">\n\t\t\t\t\t\t\t\t\t<p data-path-to-node=\"10\">Los datos se conservar\u00e1n mientras dure la relaci\u00f3n profesional o el tiempo necesario para cumplir con obligaciones legales (como la generaci\u00f3n de <b data-path-to-node=\"10\" data-index-in-node=\"146\">facturaci\u00f3n electr\u00f3nica<\/b> y registros fiscales).<\/p><ul data-path-to-node=\"11\"><li><p data-path-to-node=\"11,0,0\">No se ceder\u00e1n datos a terceros, salvo obligaci\u00f3n legal o para la correcta ejecuci\u00f3n del servicio contratado (ej. proveedores de mantenimiento o plataformas de facturaci\u00f3n oficiales).<\/p><\/li><\/ul>\t\t\t\t\t\t\t\t<\/div>\n\t\t\t\t<div class=\"elementor-element elementor-element-0992d28 elementor-widget elementor-widget-heading\" data-id=\"0992d28\" data-element_type=\"widget\" data-e-type=\"widget\" data-widget_type=\"heading.default\">\n\t\t\t\t\t<h2 class=\"elementor-heading-title elementor-size-default\">4. Uso de WhatsApp y Comunicaciones<\/h2>\t\t\t\t<\/div>\n\t\t\t\t<div class=\"elementor-element elementor-element-e1a2e1d elementor-widget__width-initial elementor-widget-tablet__width-inherit elementor-widget elementor-widget-text-editor\" data-id=\"e1a2e1d\" data-element_type=\"widget\" data-e-type=\"widget\" data-widget_type=\"text-editor.default\">\n\t\t\t\t\t\t\t\t\t<p data-path-to-node=\"10\">Al utilizar el enlace de WhatsApp, el usuario reconoce que utiliza una plataforma externa. Los datos tratados en esa aplicaci\u00f3n se rigen por la pol\u00edtica de privacidad de WhatsApp. La titular solo utilizar\u00e1 su n\u00famero personal para la gesti\u00f3n profesional de incidencias, contratos y mantenimiento solicitados.<\/p>\t\t\t\t\t\t\t\t<\/div>\n\t\t\t\t<div class=\"elementor-element elementor-element-7e967f1 elementor-widget elementor-widget-heading\" data-id=\"7e967f1\" data-element_type=\"widget\" data-e-type=\"widget\" data-widget_type=\"heading.default\">\n\t\t\t\t\t<h2 class=\"elementor-heading-title elementor-size-default\">5. Derechos del Usuario<\/h2>\t\t\t\t<\/div>\n\t\t\t\t<div class=\"elementor-element elementor-element-df09114 elementor-widget__width-initial elementor-widget-tablet__width-inherit elementor-widget elementor-widget-text-editor\" data-id=\"df09114\" data-element_type=\"widget\" data-e-type=\"widget\" data-widget_type=\"text-editor.default\">\n\t\t\t\t\t\t\t\t\t<p data-path-to-node=\"10\">Usted tiene derecho a acceder, rectificar, suprimir sus datos y otros derechos dirigi\u00e9ndose al email: <strong>habitattenerife2015@gmail.com<\/strong>, adjuntando copia de su DNI.<\/p>\t\t\t\t\t\t\t\t<\/div>\n\t\t\t\t<\/div>\n\t\t\t\t<\/div>","protected":false},"excerpt":{"rendered":"<p>Pol\u00edtica de Privacidad 1. Responsable del Tratamiento Identidad: Mar\u00eda Luisa Gast\u00f3n Morales NIF: 78704158K Direcci\u00f3n: Calle Balboa,1. Port. B. Aldea Tamarindos. Vivienda 21. Radazul Alto. El Rosario 38109. Santa Cruz de Tenerife. Email: habitattenerife2015@gmail.com 2. Finalidad y Legitimaci\u00f3n En esta web no existen formularios de registro ni suscripciones. Los datos personales (tel\u00e9fono, email, nombre) solo [&hellip;]<\/p>\n","protected":false},"author":1,"featured_media":0,"parent":0,"menu_order":6,"comment_status":"closed","ping_status":"closed","template":"","meta":{"footnotes":""},"class_list":["post-5025","page","type-page","status-publish","hentry"],"yoast_head":"<!-- This site is optimized with the Yoast SEO plugin v27.1.1 - https:\/\/yoast.com\/product\/yoast-seo-wordpress\/ -->\n<title>Pol\u00edtica de privacidad - Habitat Tenerife - Luisa Gast\u00f3n<\/title>\n<meta name=\"robots\" content=\"index, follow, max-snippet:-1, max-image-preview:large, max-video-preview:-1\" \/>\n<link rel=\"canonical\" href=\"https:\/\/habitattenerife.es\/en\/politica-de-cookies\/\" \/>\n<meta property=\"og:locale\" content=\"en_GB\" \/>\n<meta property=\"og:type\" content=\"article\" \/>\n<meta property=\"og:title\" content=\"Pol\u00edtica de privacidad - Habitat Tenerife - Luisa Gast\u00f3n\" \/>\n<meta property=\"og:description\" content=\"Pol\u00edtica de Privacidad 1. Responsable del Tratamiento Identidad: Mar\u00eda Luisa Gast\u00f3n Morales NIF: 78704158K Direcci\u00f3n: Calle Balboa,1. Port. B. Aldea Tamarindos. Vivienda 21. Radazul Alto. El Rosario 38109. Santa Cruz de Tenerife. Email: habitattenerife2015@gmail.com 2. Finalidad y Legitimaci\u00f3n En esta web no existen formularios de registro ni suscripciones. Los datos personales (tel\u00e9fono, email, nombre) solo [&hellip;]\" \/>\n<meta property=\"og:url\" content=\"https:\/\/habitattenerife.es\/en\/politica-de-cookies\/\" \/>\n<meta property=\"og:site_name\" content=\"Habitat Tenerife - Luisa Gast\u00f3n\" \/>\n<meta property=\"article:modified_time\" content=\"2026-03-11T20:17:04+00:00\" \/>\n<meta property=\"og:image\" content=\"https:\/\/habitattenerife.es\/wp-content\/uploads\/2026\/03\/Privacidad.webp\" \/>\n\t<meta property=\"og:image:width\" content=\"1500\" \/>\n\t<meta property=\"og:image:height\" content=\"1025\" \/>\n\t<meta property=\"og:image:type\" content=\"image\/webp\" \/>\n<meta name=\"twitter:card\" content=\"summary_large_image\" \/>\n<meta name=\"twitter:label1\" content=\"Estimated reading time\" \/>\n\t<meta name=\"twitter:data1\" content=\"2 minutes\" \/>\n<script type=\"application\/ld+json\" class=\"yoast-schema-graph\">{\"@context\":\"https:\/\/schema.org\",\"@graph\":[{\"@type\":\"WebPage\",\"@id\":\"https:\/\/habitattenerife.es\/politica-de-cookies\/\",\"url\":\"https:\/\/habitattenerife.es\/politica-de-cookies\/\",\"name\":\"Pol\u00edtica de privacidad - Habitat Tenerife - Luisa Gast\u00f3n\",\"isPartOf\":{\"@id\":\"https:\/\/habitattenerife.es\/#website\"},\"primaryImageOfPage\":{\"@id\":\"https:\/\/habitattenerife.es\/politica-de-cookies\/#primaryimage\"},\"image\":{\"@id\":\"https:\/\/habitattenerife.es\/politica-de-cookies\/#primaryimage\"},\"thumbnailUrl\":\"https:\/\/habitattenerife.es\/wp-content\/uploads\/2026\/03\/Privacidad.webp\",\"datePublished\":\"2026-03-11T18:59:16+00:00\",\"dateModified\":\"2026-03-11T20:17:04+00:00\",\"breadcrumb\":{\"@id\":\"https:\/\/habitattenerife.es\/politica-de-cookies\/#breadcrumb\"},\"inLanguage\":\"en-GB\",\"potentialAction\":[{\"@type\":\"ReadAction\",\"target\":[\"https:\/\/habitattenerife.es\/politica-de-cookies\/\"]}]},{\"@type\":\"ImageObject\",\"inLanguage\":\"en-GB\",\"@id\":\"https:\/\/habitattenerife.es\/politica-de-cookies\/#primaryimage\",\"url\":\"https:\/\/habitattenerife.es\/wp-content\/uploads\/2026\/03\/Privacidad.webp\",\"contentUrl\":\"https:\/\/habitattenerife.es\/wp-content\/uploads\/2026\/03\/Privacidad.webp\"},{\"@type\":\"BreadcrumbList\",\"@id\":\"https:\/\/habitattenerife.es\/politica-de-cookies\/#breadcrumb\",\"itemListElement\":[{\"@type\":\"ListItem\",\"position\":1,\"name\":\"Portada\",\"item\":\"https:\/\/habitattenerife.es\/\"},{\"@type\":\"ListItem\",\"position\":2,\"name\":\"Pol\u00edtica de privacidad\"}]},{\"@type\":\"WebSite\",\"@id\":\"https:\/\/habitattenerife.es\/#website\",\"url\":\"https:\/\/habitattenerife.es\/\",\"name\":\"Habitat Tenerife - Luisa Gast\u00f3n\",\"description\":\"Gesti\u00f3n Inmobiliaria en Tenerife\",\"publisher\":{\"@id\":\"https:\/\/habitattenerife.es\/#\/schema\/person\/58c8c961e8e7460160c42fbace91bc67\"},\"potentialAction\":[{\"@type\":\"SearchAction\",\"target\":{\"@type\":\"EntryPoint\",\"urlTemplate\":\"https:\/\/habitattenerife.es\/?s={search_term_string}\"},\"query-input\":{\"@type\":\"PropertyValueSpecification\",\"valueRequired\":true,\"valueName\":\"search_term_string\"}}],\"inLanguage\":\"en-GB\"},{\"@type\":[\"Person\",\"Organization\"],\"@id\":\"https:\/\/habitattenerife.es\/#\/schema\/person\/58c8c961e8e7460160c42fbace91bc67\",\"name\":\"adelinaledesmaperez@gmail.com\",\"image\":{\"@type\":\"ImageObject\",\"inLanguage\":\"en-GB\",\"@id\":\"https:\/\/habitattenerife.es\/#\/schema\/person\/image\/\",\"url\":\"https:\/\/habitattenerife.es\/wp-content\/uploads\/2025\/12\/cropped-8.png\",\"contentUrl\":\"https:\/\/habitattenerife.es\/wp-content\/uploads\/2025\/12\/cropped-8.png\",\"width\":580,\"height\":600,\"caption\":\"adelinaledesmaperez@gmail.com\"},\"logo\":{\"@id\":\"https:\/\/habitattenerife.es\/#\/schema\/person\/image\/\"},\"sameAs\":[\"https:\/\/habitattenerife.es\"]}]}<\/script>\n<!-- \/ Yoast SEO plugin. -->","yoast_head_json":{"title":"Pol\u00edtica de privacidad - Habitat Tenerife - Luisa Gast\u00f3n","robots":{"index":"index","follow":"follow","max-snippet":"max-snippet:-1","max-image-preview":"max-image-preview:large","max-video-preview":"max-video-preview:-1"},"canonical":"https:\/\/habitattenerife.es\/en\/politica-de-cookies\/","og_locale":"en_GB","og_type":"article","og_title":"Pol\u00edtica de privacidad - Habitat Tenerife - Luisa Gast\u00f3n","og_description":"Pol\u00edtica de Privacidad 1. Responsable del Tratamiento Identidad: Mar\u00eda Luisa Gast\u00f3n Morales NIF: 78704158K Direcci\u00f3n: Calle Balboa,1. Port. B. Aldea Tamarindos. Vivienda 21. Radazul Alto. El Rosario 38109. Santa Cruz de Tenerife. Email: habitattenerife2015@gmail.com 2. Finalidad y Legitimaci\u00f3n En esta web no existen formularios de registro ni suscripciones. Los datos personales (tel\u00e9fono, email, nombre) solo [&hellip;]","og_url":"https:\/\/habitattenerife.es\/en\/politica-de-cookies\/","og_site_name":"Habitat Tenerife - Luisa Gast\u00f3n","article_modified_time":"2026-03-11T20:17:04+00:00","og_image":[{"width":1500,"height":1025,"url":"https:\/\/habitattenerife.es\/wp-content\/uploads\/2026\/03\/Privacidad.webp","type":"image\/webp"}],"twitter_card":"summary_large_image","twitter_misc":{"Estimated reading time":"2 minutes"},"schema":{"@context":"https:\/\/schema.org","@graph":[{"@type":"WebPage","@id":"https:\/\/habitattenerife.es\/politica-de-cookies\/","url":"https:\/\/habitattenerife.es\/politica-de-cookies\/","name":"Pol\u00edtica de privacidad - Habitat Tenerife - Luisa Gast\u00f3n","isPartOf":{"@id":"https:\/\/habitattenerife.es\/#website"},"primaryImageOfPage":{"@id":"https:\/\/habitattenerife.es\/politica-de-cookies\/#primaryimage"},"image":{"@id":"https:\/\/habitattenerife.es\/politica-de-cookies\/#primaryimage"},"thumbnailUrl":"https:\/\/habitattenerife.es\/wp-content\/uploads\/2026\/03\/Privacidad.webp","datePublished":"2026-03-11T18:59:16+00:00","dateModified":"2026-03-11T20:17:04+00:00","breadcrumb":{"@id":"https:\/\/habitattenerife.es\/politica-de-cookies\/#breadcrumb"},"inLanguage":"en-GB","potentialAction":[{"@type":"ReadAction","target":["https:\/\/habitattenerife.es\/politica-de-cookies\/"]}]},{"@type":"ImageObject","inLanguage":"en-GB","@id":"https:\/\/habitattenerife.es\/politica-de-cookies\/#primaryimage","url":"https:\/\/habitattenerife.es\/wp-content\/uploads\/2026\/03\/Privacidad.webp","contentUrl":"https:\/\/habitattenerife.es\/wp-content\/uploads\/2026\/03\/Privacidad.webp"},{"@type":"BreadcrumbList","@id":"https:\/\/habitattenerife.es\/politica-de-cookies\/#breadcrumb","itemListElement":[{"@type":"ListItem","position":1,"name":"Portada","item":"https:\/\/habitattenerife.es\/"},{"@type":"ListItem","position":2,"name":"Pol\u00edtica de privacidad"}]},{"@type":"WebSite","@id":"https:\/\/habitattenerife.es\/#website","url":"https:\/\/habitattenerife.es\/","name":"Habitat Tenerife - Luisa Gast\u00f3n","description":"Gesti\u00f3n Inmobiliaria en Tenerife","publisher":{"@id":"https:\/\/habitattenerife.es\/#\/schema\/person\/58c8c961e8e7460160c42fbace91bc67"},"potentialAction":[{"@type":"SearchAction","target":{"@type":"EntryPoint","urlTemplate":"https:\/\/habitattenerife.es\/?s={search_term_string}"},"query-input":{"@type":"PropertyValueSpecification","valueRequired":true,"valueName":"search_term_string"}}],"inLanguage":"en-GB"},{"@type":["Person","Organization"],"@id":"https:\/\/habitattenerife.es\/#\/schema\/person\/58c8c961e8e7460160c42fbace91bc67","name":"adelinaledesmaperez@gmail.com","image":{"@type":"ImageObject","inLanguage":"en-GB","@id":"https:\/\/habitattenerife.es\/#\/schema\/person\/image\/","url":"https:\/\/habitattenerife.es\/wp-content\/uploads\/2025\/12\/cropped-8.png","contentUrl":"https:\/\/habitattenerife.es\/wp-content\/uploads\/2025\/12\/cropped-8.png","width":580,"height":600,"caption":"adelinaledesmaperez@gmail.com"},"logo":{"@id":"https:\/\/habitattenerife.es\/#\/schema\/person\/image\/"},"sameAs":["https:\/\/habitattenerife.es"]}]}},"_links":{"self":[{"href":"https:\/\/habitattenerife.es\/en\/wp-json\/wp\/v2\/pages\/5025","targetHints":{"allow":["GET"]}}],"collection":[{"href":"https:\/\/habitattenerife.es\/en\/wp-json\/wp\/v2\/pages"}],"about":[{"href":"https:\/\/habitattenerife.es\/en\/wp-json\/wp\/v2\/types\/page"}],"author":[{"embeddable":true,"href":"https:\/\/habitattenerife.es\/en\/wp-json\/wp\/v2\/users\/1"}],"replies":[{"embeddable":true,"href":"https:\/\/habitattenerife.es\/en\/wp-json\/wp\/v2\/comments?post=5025"}],"version-history":[{"count":14,"href":"https:\/\/habitattenerife.es\/en\/wp-json\/wp\/v2\/pages\/5025\/revisions"}],"predecessor-version":[{"id":5089,"href":"https:\/\/habitattenerife.es\/en\/wp-json\/wp\/v2\/pages\/5025\/revisions\/5089"}],"wp:attachment":[{"href":"https:\/\/habitattenerife.es\/en\/wp-json\/wp\/v2\/media?parent=5025"}],"curies":[{"name":"wp","href":"https:\/\/api.w.org\/{rel}","templated":true}]}}